{"id":83,"date":"2024-12-26T14:16:43","date_gmt":"2024-12-26T11:16:43","guid":{"rendered":"https:\/\/kusadasikentdayanismasi.com\/?page_id=83"},"modified":"2024-12-26T14:31:00","modified_gmt":"2024-12-26T11:31:00","slug":"hakkimizda","status":"publish","type":"page","link":"https:\/\/kusadasikentdayanismasi.com\/?page_id=83","title":{"rendered":"Hakk\u0131m\u0131zda"},"content":{"rendered":"\n<p><\/p>\n\n\n\n<figure class=\"wp-block-gallery has-nested-images columns-default is-cropped wp-block-gallery-1 is-layout-flex wp-block-gallery-is-layout-flex\">\n<figure class=\"wp-block-image size-full is-style-rounded\"><img fetchpriority=\"high\" decoding=\"async\" width=\"512\" height=\"512\" data-id=\"65\" src=\"https:\/\/kusadasikentdayanismasi.com\/wp-content\/uploads\/2024\/12\/cropped-430773654_844528334355204_5106492437034145412_n.jpg\" alt=\"kusadasi kent dayanismasi\" class=\"wp-image-65\" srcset=\"https:\/\/kusadasikentdayanismasi.com\/wp-content\/uploads\/2024\/12\/cropped-430773654_844528334355204_5106492437034145412_n.jpg 512w, https:\/\/kusadasikentdayanismasi.com\/wp-content\/uploads\/2024\/12\/cropped-430773654_844528334355204_5106492437034145412_n-300x300.jpg 300w, https:\/\/kusadasikentdayanismasi.com\/wp-content\/uploads\/2024\/12\/cropped-430773654_844528334355204_5106492437034145412_n-150x150.jpg 150w, https:\/\/kusadasikentdayanismasi.com\/wp-content\/uploads\/2024\/12\/cropped-430773654_844528334355204_5106492437034145412_n-100x100.jpg 100w, https:\/\/kusadasikentdayanismasi.com\/wp-content\/uploads\/2024\/12\/cropped-430773654_844528334355204_5106492437034145412_n-270x270.jpg 270w, https:\/\/kusadasikentdayanismasi.com\/wp-content\/uploads\/2024\/12\/cropped-430773654_844528334355204_5106492437034145412_n-192x192.jpg 192w, https:\/\/kusadasikentdayanismasi.com\/wp-content\/uploads\/2024\/12\/cropped-430773654_844528334355204_5106492437034145412_n-180x180.jpg 180w, https:\/\/kusadasikentdayanismasi.com\/wp-content\/uploads\/2024\/12\/cropped-430773654_844528334355204_5106492437034145412_n-32x32.jpg 32w\" sizes=\"(max-width: 512px) 100vw, 512px\" \/><\/figure>\n<\/figure>\n\n\n\n<p>Daha iyi bir kent, daha iyi bir ya\u015fam i\u00e7in kenti de\u011fi\u015ftirmeye, d\u00f6n\u00fc\u015ft\u00fcrmeye \u00e7al\u0131\u015fan, kent sorunlar\u0131 \u00fczerine kafa yoran, sorunlar\u0131n kamu yarar\u0131na \u00e7\u00f6z\u00fcm\u00fc i\u00e7in u\u011fra\u015f veren, siyasi partiler, sendikalar, dernekler, meslek odalar\u0131, platformlar ve bireylerin do\u011frudan kat\u0131ld\u0131\u011f\u0131 Ku\u015fadas\u0131 Kent Dayan\u0131\u015fmas\u0131y\u0131z.<\/p>\n\n\n\n<p>Kent kaynaklar\u0131n\u0131n kullan\u0131c\u0131s\u0131 olan her bireyin hukuku ve \u00f6zg\u00fcrl\u00fc\u011f\u00fcn\u00fc esas alan, do\u011frudan kat\u0131l\u0131mla demokratik bir bi\u00e7imde karar al\u0131p uygulayan, \u00e7ok sesli, farkl\u0131l\u0131klar\u0131na ra\u011fmen birbirine sayg\u0131 ile s\u00f6z\u00fcn\u00fc s\u00f6yleyen bir olu\u015fumuz.<\/p>\n\n\n\n<p>Kamu yarar\u0131na olan \u00e7al\u0131\u015fmalar\u0131 destekleyen, do\u011frudan demokrasi ve bilginin toplumsalla\u015fmas\u0131 y\u00f6n\u00fcnde fikir \u00fcreten, hiyerar\u015fik de\u011fil, yatay \u00f6rg\u00fctlenmeyi esas alan, kat\u0131l\u0131mc\u0131, denetlenebilir, ortak ak\u0131lla kent sorunlar\u0131n\u0131n \u00e7\u00f6z\u00fcm\u00fcne katk\u0131 sunan g\u00f6n\u00fcll\u00fcl\u00fck esas\u0131yla olu\u015fmu\u015f bir birlikteli\u011fiz.<\/p>\n\n\n\n<p>\u015eehir planlamas\u0131n\u0131n tepeden de\u011fil tabandan geli\u015fmesi i\u00e7in mahalle \u00f6l\u00e7e\u011finde sakinlerin ya\u015fad\u0131klar\u0131, tan\u0131d\u0131klar\u0131 alanlar\u0131n sorunlar\u0131n\u0131 aktard\u0131klar\u0131, birbirinden \u00f6\u011frenen, birbirine s\u00f6yleyen, kat\u0131l\u0131mc\u0131 bir \u00f6rg\u00fctlenme ile dayan\u0131\u015fmay\u0131 \u00f6rmek niyetindeyiz. Hep beraber kenti d\u00f6n\u00fc\u015ft\u00fcrerek yeniden \u00fcretmek, bilginin bir hegemonya arac\u0131 olarak de\u011fil, kent yarar\u0131na bir g\u00fc\u00e7 olarak biriktirilmesinden yanay\u0131z.<\/p>\n\n\n\n<p>Kentin karar vericilerinin kentte ya\u015fayanlar\u0131n g\u00f6r\u00fc\u015f\u00fcn\u00fc almadan, \u2018ben yapt\u0131m, oldu!\u2019 diyerek kenti planlamas\u0131, kentle ilgili projeler haz\u0131rlan\u0131rken kent sorunlar\u0131n\u0131n \u00e7\u00f6z\u00fcm\u00fc i\u00e7in \u00e7aba harcayan siyasi partiler, sendikalar, meslek odalar\u0131, dernekler ve bireylerin kat\u0131l\u0131m\u0131n\u0131n sa\u011flanarak kararlar\u0131n ortak ak\u0131lla al\u0131nmas\u0131 gerekirken bilgi dahi verilmemesi, kentimizde geri d\u00f6nd\u00fcr\u00fclmez zararlara yol a\u00e7aca\u011f\u0131ndan endi\u015feliyiz. Bu tutumun, kat\u0131l\u0131mc\u0131, demokratik bir y\u00f6netim anlay\u0131\u015f\u0131nda olanlar\u0131n y\u00f6ntemi olamayaca\u011f\u0131n\u0131 d\u00fc\u015f\u00fcn\u00fcyor, yerel yerinden ve yerelle birlikte y\u00f6netilmelidir diyoruz.<\/p>\n\n\n\n<p>Kentlerin i\u00e7indeki b\u00fct\u00fcn bile\u015fenleri ile s\u00fcrekli de\u011fi\u015fen, d\u00f6n\u00fc\u015fen, kendilerine \u00f6zg\u00fc beyni, belle\u011fi olan canl\u0131 bir organizma oldu\u011funu d\u00fc\u015f\u00fcn\u00fcyoruz. Tarihten g\u00fcn\u00fcm\u00fcze ula\u015fan izler, kentle \u00f6zde\u015fle\u015fmi\u015f simgeler, mekanlar kent haf\u0131zas\u0131n\u0131n birer par\u00e7as\u0131d\u0131r. Her kentin tarihsel s\u00fcre\u00e7 i\u00e7inde olu\u015fmu\u015f bir kimli\u011fi vard\u0131r. Ka\u00e7\u0131n\u0131lmaz de\u011fi\u015fim, b\u00fcy\u00fcme kentin kimli\u011fini koruyarak yap\u0131l\u0131rsa anlaml\u0131d\u0131r. Plans\u0131z b\u00fcy\u00fcme ve ranta kar\u015f\u0131 kentimizi korumak, kenti ya\u015fatmak amac\u0131nday\u0131z.<\/p>\n\n\n\n<p>Kent planlamas\u0131n\u0131n genellikle, i\u015f sahibi, orta s\u0131n\u0131f, orta ya\u015fl\u0131, fiziksel ve zihinsel engeli olmayan erkekler taraf\u0131ndan ve erkekler i\u00e7in yap\u0131ld\u0131\u011f\u0131, kad\u0131nlar\u0131n g\u00f6r\u00fc\u015flerinin al\u0131nmad\u0131\u011f\u0131 uygulamalara kar\u015f\u0131, erkek merkezci olmayan, ya\u015fam\u0131n t\u00fcm alanlar\u0131n\u0131 \u00f6rg\u00fctleyen, cinsiyet perspektifini de entegre eden bir kentsel planlama istiyoruz.<\/p>\n\n\n\n<p>Kentimizin toplumsal cinsiyet e\u015fitsizli\u011fine kar\u015f\u0131 kad\u0131nlar\u0131n, LGBT\u0130+ bireylerin yan\u0131nda duran, t\u00fcrlere y\u00f6nelik eziyete kar\u015f\u0131 \u00e7\u0131kan, hayvan haklar\u0131n\u0131 g\u00f6zeten, g\u00f6\u00e7menlerin sorunlar\u0131na e\u011filen, engellilerin ya\u015fam\u0131n\u0131 kolayla\u015ft\u0131ran bir anlay\u0131\u015fla \u00f6rg\u00fctlenmesinden yanay\u0131z. E\u015fit, adil, \u00f6zg\u00fcr bir kent i\u00e7in uzun soluklu bir m\u00fccadele vermeyi hedefliyoruz.<\/p>\n\n\n\n<p>Bizler, insan kaynakl\u0131 iklim de\u011fi\u015fikli\u011fi sonucu olu\u015fan k\u00fcresel \u0131s\u0131nma hepimizi tehdit ederken, genel ve yerel iktidarlar eliyle \u00e7evrenin ya\u011fmalanmas\u0131, rant i\u00e7in tar\u0131m alanlar\u0131n\u0131n yok edilmesi, do\u011fan\u0131n, ye\u015filin betona teslim edilmesine kar\u015f\u0131 havam\u0131z\u0131, suyumuzu, topra\u011f\u0131m\u0131z\u0131 savunmak \u00fczere bir araday\u0131z.<\/p>\n\n\n\n<p>Biz Liman Platformu, Kas\u0131m Yaman Park\u0131 Platformu, Kervansaray M\u00fcze Olsun Platformu, Tari\u015f Platformu\u2019yuz.<\/p>\n\n\n\n<p>T\u00fcm bu Platformlar\u0131n i\u00e7inde m\u00fccadele verenler bir araya gelerek olu\u015fturdu\u011fumuz Kent Parlamentosu ad\u0131m\u0131z\u0131 dayan\u0131\u015fman\u0131n alt\u0131n\u0131 \u00e7izmek i\u00e7in Ku\u015fadas\u0131 Kent Dayan\u0131\u015fmas\u0131 olarak de\u011fi\u015ftiriyoruz.<\/p>\n\n\n\n<p>Ku\u015fadas\u0131 onun i\u00e7in m\u00fccadele edenlerindir.<\/p>\n\n\n\n<p>Ku\u015fadas\u0131 Bizim!<\/p>\n","protected":false},"excerpt":{"rendered":"<p>Daha iyi bir kent, daha iyi bir ya\u015fam i\u00e7in kenti de\u011fi\u015ftirmeye, d\u00f6n\u00fc\u015ft\u00fcrmeye \u00e7al\u0131\u015fan, kent sorunlar\u0131 \u00fczerine kafa yoran, sorunlar\u0131n kamu yarar\u0131na \u00e7\u00f6z\u00fcm\u00fc i\u00e7in u\u011fra\u015f veren,<\/p>\n","protected":false},"author":1,"featured_media":0,"parent":0,"menu_order":0,"comment_status":"closed","ping_status":"closed","template":"","meta":{"footnotes":""},"class_list":["post-83","page","type-page","status-publish","hentry"],"yoast_head":"<!-- This site is optimized with the Yoast SEO plugin v26.9 - https:\/\/yoast.com\/product\/yoast-seo-wordpress\/ -->\n<title>Hakk\u0131m\u0131zda - Ku\u015fadas\u0131 Kent Dayan\u0131\u015fmas\u0131<\/title>\n<meta name=\"robots\" content=\"index, follow, max-snippet:-1, max-image-preview:large, max-video-preview:-1\" \/>\n<link rel=\"canonical\" href=\"https:\/\/kusadasikentdayanismasi.com\/?page_id=83\" \/>\n<meta property=\"og:locale\" content=\"tr_TR\" \/>\n<meta property=\"og:type\" content=\"article\" \/>\n<meta property=\"og:title\" content=\"Hakk\u0131m\u0131zda - Ku\u015fadas\u0131 Kent Dayan\u0131\u015fmas\u0131\" \/>\n<meta property=\"og:description\" content=\"Daha iyi bir kent, daha iyi bir ya\u015fam i\u00e7in kenti de\u011fi\u015ftirmeye, d\u00f6n\u00fc\u015ft\u00fcrmeye \u00e7al\u0131\u015fan, kent sorunlar\u0131 \u00fczerine kafa yoran, sorunlar\u0131n kamu yarar\u0131na \u00e7\u00f6z\u00fcm\u00fc i\u00e7in u\u011fra\u015f veren,\" \/>\n<meta property=\"og:url\" content=\"https:\/\/kusadasikentdayanismasi.com\/?page_id=83\" \/>\n<meta property=\"og:site_name\" content=\"Ku\u015fadas\u0131 Kent Dayan\u0131\u015fmas\u0131\" \/>\n<meta property=\"article:modified_time\" content=\"2024-12-26T11:31:00+00:00\" \/>\n<meta property=\"og:image\" content=\"https:\/\/kusadasikentdayanismasi.com\/wp-content\/uploads\/2024\/12\/cropped-430773654_844528334355204_5106492437034145412_n.jpg\" \/>\n\t<meta property=\"og:image:width\" content=\"512\" \/>\n\t<meta property=\"og:image:height\" content=\"512\" \/>\n\t<meta property=\"og:image:type\" content=\"image\/jpeg\" \/>\n<meta name=\"twitter:card\" content=\"summary_large_image\" \/>\n<meta name=\"twitter:label1\" content=\"Tahmini okuma s\u00fcresi\" \/>\n\t<meta name=\"twitter:data1\" content=\"3 dakika\" \/>\n<script type=\"application\/ld+json\" class=\"yoast-schema-graph\">{\"@context\":\"https:\/\/schema.org\",\"@graph\":[{\"@type\":\"WebPage\",\"@id\":\"https:\/\/kusadasikentdayanismasi.com\/?page_id=83\",\"url\":\"https:\/\/kusadasikentdayanismasi.com\/?page_id=83\",\"name\":\"Hakk\u0131m\u0131zda - Ku\u015fadas\u0131 Kent Dayan\u0131\u015fmas\u0131\",\"isPartOf\":{\"@id\":\"https:\/\/kusadasikentdayanismasi.com\/#website\"},\"primaryImageOfPage\":{\"@id\":\"https:\/\/kusadasikentdayanismasi.com\/?page_id=83#primaryimage\"},\"image\":{\"@id\":\"https:\/\/kusadasikentdayanismasi.com\/?page_id=83#primaryimage\"},\"thumbnailUrl\":\"https:\/\/kusadasikentdayanismasi.com\/wp-content\/uploads\/2024\/12\/cropped-430773654_844528334355204_5106492437034145412_n.jpg\",\"datePublished\":\"2024-12-26T11:16:43+00:00\",\"dateModified\":\"2024-12-26T11:31:00+00:00\",\"breadcrumb\":{\"@id\":\"https:\/\/kusadasikentdayanismasi.com\/?page_id=83#breadcrumb\"},\"inLanguage\":\"tr\",\"potentialAction\":[{\"@type\":\"ReadAction\",\"target\":[\"https:\/\/kusadasikentdayanismasi.com\/?page_id=83\"]}]},{\"@type\":\"ImageObject\",\"inLanguage\":\"tr\",\"@id\":\"https:\/\/kusadasikentdayanismasi.com\/?page_id=83#primaryimage\",\"url\":\"https:\/\/kusadasikentdayanismasi.com\/wp-content\/uploads\/2024\/12\/cropped-430773654_844528334355204_5106492437034145412_n.jpg\",\"contentUrl\":\"https:\/\/kusadasikentdayanismasi.com\/wp-content\/uploads\/2024\/12\/cropped-430773654_844528334355204_5106492437034145412_n.jpg\",\"width\":512,\"height\":512,\"caption\":\"kusadasi kent dayanismasi\"},{\"@type\":\"BreadcrumbList\",\"@id\":\"https:\/\/kusadasikentdayanismasi.com\/?page_id=83#breadcrumb\",\"itemListElement\":[{\"@type\":\"ListItem\",\"position\":1,\"name\":\"Anasayfa\",\"item\":\"https:\/\/kusadasikentdayanismasi.com\/\"},{\"@type\":\"ListItem\",\"position\":2,\"name\":\"Hakk\u0131m\u0131zda\"}]},{\"@type\":\"WebSite\",\"@id\":\"https:\/\/kusadasikentdayanismasi.com\/#website\",\"url\":\"https:\/\/kusadasikentdayanismasi.com\/\",\"name\":\"Ku\u015fadas\u0131 Kent Dayan\u0131\u015fmas\u0131\",\"description\":\"Kentimiz \u0130\u00e7in Elele\",\"potentialAction\":[{\"@type\":\"SearchAction\",\"target\":{\"@type\":\"EntryPoint\",\"urlTemplate\":\"https:\/\/kusadasikentdayanismasi.com\/?s={search_term_string}\"},\"query-input\":{\"@type\":\"PropertyValueSpecification\",\"valueRequired\":true,\"valueName\":\"search_term_string\"}}],\"inLanguage\":\"tr\"}]}<\/script>\n<!-- \/ Yoast SEO plugin. -->","yoast_head_json":{"title":"Hakk\u0131m\u0131zda - Ku\u015fadas\u0131 Kent Dayan\u0131\u015fmas\u0131","robots":{"index":"index","follow":"follow","max-snippet":"max-snippet:-1","max-image-preview":"max-image-preview:large","max-video-preview":"max-video-preview:-1"},"canonical":"https:\/\/kusadasikentdayanismasi.com\/?page_id=83","og_locale":"tr_TR","og_type":"article","og_title":"Hakk\u0131m\u0131zda - Ku\u015fadas\u0131 Kent Dayan\u0131\u015fmas\u0131","og_description":"Daha iyi bir kent, daha iyi bir ya\u015fam i\u00e7in kenti de\u011fi\u015ftirmeye, d\u00f6n\u00fc\u015ft\u00fcrmeye \u00e7al\u0131\u015fan, kent sorunlar\u0131 \u00fczerine kafa yoran, sorunlar\u0131n kamu yarar\u0131na \u00e7\u00f6z\u00fcm\u00fc i\u00e7in u\u011fra\u015f veren,","og_url":"https:\/\/kusadasikentdayanismasi.com\/?page_id=83","og_site_name":"Ku\u015fadas\u0131 Kent Dayan\u0131\u015fmas\u0131","article_modified_time":"2024-12-26T11:31:00+00:00","og_image":[{"width":512,"height":512,"url":"https:\/\/kusadasikentdayanismasi.com\/wp-content\/uploads\/2024\/12\/cropped-430773654_844528334355204_5106492437034145412_n.jpg","type":"image\/jpeg"}],"twitter_card":"summary_large_image","twitter_misc":{"Tahmini okuma s\u00fcresi":"3 dakika"},"schema":{"@context":"https:\/\/schema.org","@graph":[{"@type":"WebPage","@id":"https:\/\/kusadasikentdayanismasi.com\/?page_id=83","url":"https:\/\/kusadasikentdayanismasi.com\/?page_id=83","name":"Hakk\u0131m\u0131zda - Ku\u015fadas\u0131 Kent Dayan\u0131\u015fmas\u0131","isPartOf":{"@id":"https:\/\/kusadasikentdayanismasi.com\/#website"},"primaryImageOfPage":{"@id":"https:\/\/kusadasikentdayanismasi.com\/?page_id=83#primaryimage"},"image":{"@id":"https:\/\/kusadasikentdayanismasi.com\/?page_id=83#primaryimage"},"thumbnailUrl":"https:\/\/kusadasikentdayanismasi.com\/wp-content\/uploads\/2024\/12\/cropped-430773654_844528334355204_5106492437034145412_n.jpg","datePublished":"2024-12-26T11:16:43+00:00","dateModified":"2024-12-26T11:31:00+00:00","breadcrumb":{"@id":"https:\/\/kusadasikentdayanismasi.com\/?page_id=83#breadcrumb"},"inLanguage":"tr","potentialAction":[{"@type":"ReadAction","target":["https:\/\/kusadasikentdayanismasi.com\/?page_id=83"]}]},{"@type":"ImageObject","inLanguage":"tr","@id":"https:\/\/kusadasikentdayanismasi.com\/?page_id=83#primaryimage","url":"https:\/\/kusadasikentdayanismasi.com\/wp-content\/uploads\/2024\/12\/cropped-430773654_844528334355204_5106492437034145412_n.jpg","contentUrl":"https:\/\/kusadasikentdayanismasi.com\/wp-content\/uploads\/2024\/12\/cropped-430773654_844528334355204_5106492437034145412_n.jpg","width":512,"height":512,"caption":"kusadasi kent dayanismasi"},{"@type":"BreadcrumbList","@id":"https:\/\/kusadasikentdayanismasi.com\/?page_id=83#breadcrumb","itemListElement":[{"@type":"ListItem","position":1,"name":"Anasayfa","item":"https:\/\/kusadasikentdayanismasi.com\/"},{"@type":"ListItem","position":2,"name":"Hakk\u0131m\u0131zda"}]},{"@type":"WebSite","@id":"https:\/\/kusadasikentdayanismasi.com\/#website","url":"https:\/\/kusadasikentdayanismasi.com\/","name":"Ku\u015fadas\u0131 Kent Dayan\u0131\u015fmas\u0131","description":"Kentimiz \u0130\u00e7in Elele","potentialAction":[{"@type":"SearchAction","target":{"@type":"EntryPoint","urlTemplate":"https:\/\/kusadasikentdayanismasi.com\/?s={search_term_string}"},"query-input":{"@type":"PropertyValueSpecification","valueRequired":true,"valueName":"search_term_string"}}],"inLanguage":"tr"}]}},"_links":{"self":[{"href":"https:\/\/kusadasikentdayanismasi.com\/index.php?rest_route=\/wp\/v2\/pages\/83","targetHints":{"allow":["GET"]}}],"collection":[{"href":"https:\/\/kusadasikentdayanismasi.com\/index.php?rest_route=\/wp\/v2\/pages"}],"about":[{"href":"https:\/\/kusadasikentdayanismasi.com\/index.php?rest_route=\/wp\/v2\/types\/page"}],"author":[{"embeddable":true,"href":"https:\/\/kusadasikentdayanismasi.com\/index.php?rest_route=\/wp\/v2\/users\/1"}],"replies":[{"embeddable":true,"href":"https:\/\/kusadasikentdayanismasi.com\/index.php?rest_route=%2Fwp%2Fv2%2Fcomments&post=83"}],"version-history":[{"count":5,"href":"https:\/\/kusadasikentdayanismasi.com\/index.php?rest_route=\/wp\/v2\/pages\/83\/revisions"}],"predecessor-version":[{"id":96,"href":"https:\/\/kusadasikentdayanismasi.com\/index.php?rest_route=\/wp\/v2\/pages\/83\/revisions\/96"}],"wp:attachment":[{"href":"https:\/\/kusadasikentdayanismasi.com\/index.php?rest_route=%2Fwp%2Fv2%2Fmedia&parent=83"}],"curies":[{"name":"wp","href":"https:\/\/api.w.org\/{rel}","templated":true}]}}